{"id":8820,"date":"2020-10-13T09:18:19","date_gmt":"2020-10-13T09:18:19","guid":{"rendered":"https:\/\/ilic-design.hr\/blog\/"},"modified":"2025-05-09T07:55:20","modified_gmt":"2025-05-09T07:55:20","slug":"blog","status":"publish","type":"page","link":"https:\/\/ilic-design.hr\/en\/blog\/","title":{"rendered":"Blog"},"content":{"rendered":"\t\t<div data-elementor-type=\"wp-page\" data-elementor-id=\"8820\" class=\"elementor elementor-8820 elementor-184\">\n\t\t\t\t\t\t<section class=\"elementor-section elementor-top-section elementor-element elementor-element-3b39a04 elementor-section-full_width elementor-section-height-default elementor-section-height-default qodef-elementor-content-no\" data-id=\"3b39a04\" data-element_type=\"section\" data-e-type=\"section\">\n\t\t\t\t\t\t<div class=\"elementor-container elementor-column-gap-default\">\n\t\t\t\t\t<div class=\"elementor-column elementor-col-100 elementor-top-column elementor-element elementor-element-3cb78b4\" data-id=\"3cb78b4\" data-element_type=\"column\" data-e-type=\"column\">\n\t\t\t<div class=\"elementor-widget-wrap elementor-element-populated\">\n\t\t\t\t\t\t<div class=\"elementor-element elementor-element-6515ace elementor-widget elementor-widget-image\" data-id=\"6515ace\" data-element_type=\"widget\" data-e-type=\"widget\" data-widget_type=\"image.default\">\n\t\t\t\t<div class=\"elementor-widget-container\">\n\t\t\t\t\t\t\t\t\t\t\t\t\t\t\t<img decoding=\"async\" width=\"286\" height=\"173\" src=\"https:\/\/ilic-design.hr\/wp-content\/uploads\/2020\/11\/title-2.png\" class=\"attachment-full size-full wp-image-8352\" alt=\"\" \/>\t\t\t\t\t\t\t\t\t\t\t\t\t\t\t<\/div>\n\t\t\t\t<\/div>\n\t\t\t\t\t<\/div>\n\t\t<\/div>\n\t\t\t\t\t<\/div>\n\t\t<\/section>\n\t\t\t\t<section class=\"elementor-section elementor-top-section elementor-element elementor-element-d3dc4c2 elementor-section-full_width qodef-elementor-content-grid elementor-section-height-default elementor-section-height-default\" data-id=\"d3dc4c2\" data-element_type=\"section\" data-e-type=\"section\">\n\t\t\t\t\t\t<div class=\"elementor-container elementor-column-gap-default\">\n\t\t\t\t\t<div class=\"elementor-column elementor-col-100 elementor-top-column elementor-element elementor-element-270e123\" data-id=\"270e123\" data-element_type=\"column\" data-e-type=\"column\">\n\t\t\t<div class=\"elementor-widget-wrap elementor-element-populated\">\n\t\t\t\t\t\t<div class=\"elementor-element elementor-element-ef029c7 elementor-widget elementor-widget-qi_addons_for_elementor_blog_list\" data-id=\"ef029c7\" data-element_type=\"widget\" data-e-type=\"widget\" data-widget_type=\"qi_addons_for_elementor_blog_list.default\">\n\t\t\t\t<div class=\"elementor-widget-container\">\n\t\t\t\t\t<div class=\"qodef-shortcode qodef-m qodef-addons-blog-list qodef--list qodef-info-no-icons qodef-image--hover-zoom qodef-image--hover-from-left qodef-qi-grid qodef-layout--qi-columns qodef-col-num--4 qodef-item-layout--standard qodef-responsive--predefined\" >\n\t<div class=\"qodef-grid-inner\">\n\t\t<article class=\"qodef-e qodef-blog-item qodef-grid-item qodef-item--full post-8844 post type-post status-publish format-standard has-post-thumbnail hentry category-kids-en\">\n\t<div class=\"qodef-e-inner\">\n\t\t<div class=\"qodef-e-media\">\n\t\t<div class=\"qodef-e-media-image\">\n\t\t<a itemprop=\"url\" href=\"https:\/\/ilic-design.hr\/en\/natural-tones-aesthetics-and-practicality-in-interior-design\/\">\n\t\t\t<img fetchpriority=\"high\" decoding=\"async\" width=\"1300\" height=\"1300\" src=\"https:\/\/ilic-design.hr\/wp-content\/uploads\/2024\/01\/Dizajn-bez-naslova-2024-01-31T112149.454.png\" class=\"attachment-full size-full\" alt=\"\" srcset=\"https:\/\/ilic-design.hr\/wp-content\/uploads\/2024\/01\/Dizajn-bez-naslova-2024-01-31T112149.454.png 1300w, https:\/\/ilic-design.hr\/wp-content\/uploads\/2024\/01\/Dizajn-bez-naslova-2024-01-31T112149.454-300x300.png 300w, https:\/\/ilic-design.hr\/wp-content\/uploads\/2024\/01\/Dizajn-bez-naslova-2024-01-31T112149.454-1024x1024.png 1024w, https:\/\/ilic-design.hr\/wp-content\/uploads\/2024\/01\/Dizajn-bez-naslova-2024-01-31T112149.454-150x150.png 150w, https:\/\/ilic-design.hr\/wp-content\/uploads\/2024\/01\/Dizajn-bez-naslova-2024-01-31T112149.454-768x768.png 768w, https:\/\/ilic-design.hr\/wp-content\/uploads\/2024\/01\/Dizajn-bez-naslova-2024-01-31T112149.454-650x650.png 650w, https:\/\/ilic-design.hr\/wp-content\/uploads\/2024\/01\/Dizajn-bez-naslova-2024-01-31T112149.454-600x600.png 600w, https:\/\/ilic-design.hr\/wp-content\/uploads\/2024\/01\/Dizajn-bez-naslova-2024-01-31T112149.454-100x100.png 100w\" sizes=\"(max-width: 1300px) 100vw, 1300px\" \/>\t\t<\/a>\n\t\t\t<\/div>\n<\/div>\n\t\t<div class=\"qodef-e-content\">\n\t\t\t\t\t\t\t<div class=\"qodef-e-info qodef-info--top\">\n\t\t\t\t\t<div itemprop=\"dateCreated\" class=\"qodef-e-info-item qodef-e-info-date entry-date \">\n\t<a itemprop=\"url\" href=\"https:\/\/ilic-design.hr\/en\/2024\/01\/\">\n\t\t\t\tJanuary 31, 2024\t<\/a>\n<\/div>\n<div class=\"qodef-e-info-item qodef-e-info-category\">\n\t\t<a href=\"https:\/\/ilic-design.hr\/en\/category\/kids-en\/\" rel=\"category tag\">Kids<\/a><\/div>\n\t\t\t\t<\/div>\n\t\t\t\t\t\t<div class=\"qodef-e-text\">\n\t\t\t\t<h5 itemprop=\"name\" class=\"qodef-e-title entry-title\">\n\t<a itemprop=\"url\" class=\"qodef-e-title-link\" href=\"https:\/\/ilic-design.hr\/en\/natural-tones-aesthetics-and-practicality-in-interior-design\/\">\n\t\tNatural Tones: Aesthetics and Practicality in Interior Design\t<\/a>\n<\/h5>\n\t\t\t<\/div>\n\t\t\t\t\t<\/div>\n\t<\/div>\n<\/article>\n<article class=\"qodef-e qodef-blog-item qodef-grid-item qodef-item--full post-8846 post type-post status-publish format-standard has-post-thumbnail hentry category-kids-en\">\n\t<div class=\"qodef-e-inner\">\n\t\t<div class=\"qodef-e-media\">\n\t\t<div class=\"qodef-e-media-image\">\n\t\t<a itemprop=\"url\" href=\"https:\/\/ilic-design.hr\/en\/learning-tower-how-to-use-it-and-what-are-the-benefits\/\">\n\t\t\t<img decoding=\"async\" width=\"1300\" height=\"1300\" src=\"https:\/\/ilic-design.hr\/wp-content\/uploads\/2024\/01\/Dizajn-bez-naslova-2024-01-02T140145.835.png\" class=\"attachment-full size-full\" alt=\"\" srcset=\"https:\/\/ilic-design.hr\/wp-content\/uploads\/2024\/01\/Dizajn-bez-naslova-2024-01-02T140145.835.png 1300w, https:\/\/ilic-design.hr\/wp-content\/uploads\/2024\/01\/Dizajn-bez-naslova-2024-01-02T140145.835-300x300.png 300w, https:\/\/ilic-design.hr\/wp-content\/uploads\/2024\/01\/Dizajn-bez-naslova-2024-01-02T140145.835-1024x1024.png 1024w, https:\/\/ilic-design.hr\/wp-content\/uploads\/2024\/01\/Dizajn-bez-naslova-2024-01-02T140145.835-150x150.png 150w, https:\/\/ilic-design.hr\/wp-content\/uploads\/2024\/01\/Dizajn-bez-naslova-2024-01-02T140145.835-768x768.png 768w, https:\/\/ilic-design.hr\/wp-content\/uploads\/2024\/01\/Dizajn-bez-naslova-2024-01-02T140145.835-650x650.png 650w, https:\/\/ilic-design.hr\/wp-content\/uploads\/2024\/01\/Dizajn-bez-naslova-2024-01-02T140145.835-600x600.png 600w, https:\/\/ilic-design.hr\/wp-content\/uploads\/2024\/01\/Dizajn-bez-naslova-2024-01-02T140145.835-100x100.png 100w\" sizes=\"(max-width: 1300px) 100vw, 1300px\" \/>\t\t<\/a>\n\t\t\t<\/div>\n<\/div>\n\t\t<div class=\"qodef-e-content\">\n\t\t\t\t\t\t\t<div class=\"qodef-e-info qodef-info--top\">\n\t\t\t\t\t<div itemprop=\"dateCreated\" class=\"qodef-e-info-item qodef-e-info-date entry-date \">\n\t<a itemprop=\"url\" href=\"https:\/\/ilic-design.hr\/en\/2024\/01\/\">\n\t\t\t\tJanuary 2, 2024\t<\/a>\n<\/div>\n<div class=\"qodef-e-info-item qodef-e-info-category\">\n\t\t<a href=\"https:\/\/ilic-design.hr\/en\/category\/kids-en\/\" rel=\"category tag\">Kids<\/a><\/div>\n\t\t\t\t<\/div>\n\t\t\t\t\t\t<div class=\"qodef-e-text\">\n\t\t\t\t<h5 itemprop=\"name\" class=\"qodef-e-title entry-title\">\n\t<a itemprop=\"url\" class=\"qodef-e-title-link\" href=\"https:\/\/ilic-design.hr\/en\/learning-tower-how-to-use-it-and-what-are-the-benefits\/\">\n\t\tLEARNING TOWER: How to Use It and What Are the Benefits\t<\/a>\n<\/h5>\n\t\t\t<\/div>\n\t\t\t\t\t<\/div>\n\t<\/div>\n<\/article>\n<article class=\"qodef-e qodef-blog-item qodef-grid-item qodef-item--full post-8849 post type-post status-publish format-standard has-post-thumbnail hentry category-kids-en\">\n\t<div class=\"qodef-e-inner\">\n\t\t<div class=\"qodef-e-media\">\n\t\t<div class=\"qodef-e-media-image\">\n\t\t<a itemprop=\"url\" href=\"https:\/\/ilic-design.hr\/en\/complaints-in-case-of-damage-during-delivery\/\">\n\t\t\t<img loading=\"lazy\" decoding=\"async\" width=\"1300\" height=\"1300\" src=\"https:\/\/ilic-design.hr\/wp-content\/uploads\/2023\/08\/Dizajn-bez-naslova-2023-08-14T210726.146-1.png\" class=\"attachment-full size-full\" alt=\"\" srcset=\"https:\/\/ilic-design.hr\/wp-content\/uploads\/2023\/08\/Dizajn-bez-naslova-2023-08-14T210726.146-1.png 1300w, https:\/\/ilic-design.hr\/wp-content\/uploads\/2023\/08\/Dizajn-bez-naslova-2023-08-14T210726.146-1-300x300.png 300w, https:\/\/ilic-design.hr\/wp-content\/uploads\/2023\/08\/Dizajn-bez-naslova-2023-08-14T210726.146-1-1024x1024.png 1024w, https:\/\/ilic-design.hr\/wp-content\/uploads\/2023\/08\/Dizajn-bez-naslova-2023-08-14T210726.146-1-150x150.png 150w, https:\/\/ilic-design.hr\/wp-content\/uploads\/2023\/08\/Dizajn-bez-naslova-2023-08-14T210726.146-1-768x768.png 768w, https:\/\/ilic-design.hr\/wp-content\/uploads\/2023\/08\/Dizajn-bez-naslova-2023-08-14T210726.146-1-650x650.png 650w, https:\/\/ilic-design.hr\/wp-content\/uploads\/2023\/08\/Dizajn-bez-naslova-2023-08-14T210726.146-1-600x600.png 600w, https:\/\/ilic-design.hr\/wp-content\/uploads\/2023\/08\/Dizajn-bez-naslova-2023-08-14T210726.146-1-100x100.png 100w\" sizes=\"(max-width: 1300px) 100vw, 1300px\" \/>\t\t<\/a>\n\t\t\t<\/div>\n<\/div>\n\t\t<div class=\"qodef-e-content\">\n\t\t\t\t\t\t\t<div class=\"qodef-e-info qodef-info--top\">\n\t\t\t\t\t<div itemprop=\"dateCreated\" class=\"qodef-e-info-item qodef-e-info-date entry-date \">\n\t<a itemprop=\"url\" href=\"https:\/\/ilic-design.hr\/en\/2023\/08\/\">\n\t\t\t\tAugust 14, 2023\t<\/a>\n<\/div>\n<div class=\"qodef-e-info-item qodef-e-info-category\">\n\t\t<a href=\"https:\/\/ilic-design.hr\/en\/category\/kids-en\/\" rel=\"category tag\">Kids<\/a><\/div>\n\t\t\t\t<\/div>\n\t\t\t\t\t\t<div class=\"qodef-e-text\">\n\t\t\t\t<h5 itemprop=\"name\" class=\"qodef-e-title entry-title\">\n\t<a itemprop=\"url\" class=\"qodef-e-title-link\" href=\"https:\/\/ilic-design.hr\/en\/complaints-in-case-of-damage-during-delivery\/\">\n\t\tComplaints in Case of Damage During Delivery\t<\/a>\n<\/h5>\n\t\t\t<\/div>\n\t\t\t\t\t<\/div>\n\t<\/div>\n<\/article>\n<article class=\"qodef-e qodef-blog-item qodef-grid-item qodef-item--full post-8851 post type-post status-publish format-standard has-post-thumbnail hentry category-kids-en\">\n\t<div class=\"qodef-e-inner\">\n\t\t<div class=\"qodef-e-media\">\n\t\t<div class=\"qodef-e-media-image\">\n\t\t<a itemprop=\"url\" href=\"https:\/\/ilic-design.hr\/en\/the-materials-we-use-birch-plywood\/\">\n\t\t\t<img loading=\"lazy\" decoding=\"async\" width=\"1300\" height=\"1300\" src=\"https:\/\/ilic-design.hr\/wp-content\/uploads\/2023\/07\/Dizajn-bez-naslova-2023-07-25T201144.732.png\" class=\"attachment-full size-full\" alt=\"\" srcset=\"https:\/\/ilic-design.hr\/wp-content\/uploads\/2023\/07\/Dizajn-bez-naslova-2023-07-25T201144.732.png 1300w, https:\/\/ilic-design.hr\/wp-content\/uploads\/2023\/07\/Dizajn-bez-naslova-2023-07-25T201144.732-300x300.png 300w, https:\/\/ilic-design.hr\/wp-content\/uploads\/2023\/07\/Dizajn-bez-naslova-2023-07-25T201144.732-1024x1024.png 1024w, https:\/\/ilic-design.hr\/wp-content\/uploads\/2023\/07\/Dizajn-bez-naslova-2023-07-25T201144.732-150x150.png 150w, https:\/\/ilic-design.hr\/wp-content\/uploads\/2023\/07\/Dizajn-bez-naslova-2023-07-25T201144.732-768x768.png 768w, https:\/\/ilic-design.hr\/wp-content\/uploads\/2023\/07\/Dizajn-bez-naslova-2023-07-25T201144.732-650x650.png 650w, https:\/\/ilic-design.hr\/wp-content\/uploads\/2023\/07\/Dizajn-bez-naslova-2023-07-25T201144.732-600x600.png 600w, https:\/\/ilic-design.hr\/wp-content\/uploads\/2023\/07\/Dizajn-bez-naslova-2023-07-25T201144.732-100x100.png 100w\" sizes=\"(max-width: 1300px) 100vw, 1300px\" \/>\t\t<\/a>\n\t\t\t<\/div>\n<\/div>\n\t\t<div class=\"qodef-e-content\">\n\t\t\t\t\t\t\t<div class=\"qodef-e-info qodef-info--top\">\n\t\t\t\t\t<div itemprop=\"dateCreated\" class=\"qodef-e-info-item qodef-e-info-date entry-date \">\n\t<a itemprop=\"url\" href=\"https:\/\/ilic-design.hr\/en\/2023\/07\/\">\n\t\t\t\tJuly 25, 2023\t<\/a>\n<\/div>\n<div class=\"qodef-e-info-item qodef-e-info-category\">\n\t\t<a href=\"https:\/\/ilic-design.hr\/en\/category\/kids-en\/\" rel=\"category tag\">Kids<\/a><\/div>\n\t\t\t\t<\/div>\n\t\t\t\t\t\t<div class=\"qodef-e-text\">\n\t\t\t\t<h5 itemprop=\"name\" class=\"qodef-e-title entry-title\">\n\t<a itemprop=\"url\" class=\"qodef-e-title-link\" href=\"https:\/\/ilic-design.hr\/en\/the-materials-we-use-birch-plywood\/\">\n\t\tThe materials we use: birch plywood\t<\/a>\n<\/h5>\n\t\t\t<\/div>\n\t\t\t\t\t<\/div>\n\t<\/div>\n<\/article>\n<article class=\"qodef-e qodef-blog-item qodef-grid-item qodef-item--full post-8853 post type-post status-publish format-standard has-post-thumbnail hentry category-kids-en\">\n\t<div class=\"qodef-e-inner\">\n\t\t<div class=\"qodef-e-media\">\n\t\t<div class=\"qodef-e-media-image\">\n\t\t<a itemprop=\"url\" href=\"https:\/\/ilic-design.hr\/en\/what-inspires-us\/\">\n\t\t\t<img loading=\"lazy\" decoding=\"async\" width=\"1300\" height=\"1300\" src=\"https:\/\/ilic-design.hr\/wp-content\/uploads\/2023\/07\/Dodajte-naslov.png\" class=\"attachment-full size-full\" alt=\"\" srcset=\"https:\/\/ilic-design.hr\/wp-content\/uploads\/2023\/07\/Dodajte-naslov.png 1300w, https:\/\/ilic-design.hr\/wp-content\/uploads\/2023\/07\/Dodajte-naslov-300x300.png 300w, https:\/\/ilic-design.hr\/wp-content\/uploads\/2023\/07\/Dodajte-naslov-1024x1024.png 1024w, https:\/\/ilic-design.hr\/wp-content\/uploads\/2023\/07\/Dodajte-naslov-150x150.png 150w, https:\/\/ilic-design.hr\/wp-content\/uploads\/2023\/07\/Dodajte-naslov-768x768.png 768w, https:\/\/ilic-design.hr\/wp-content\/uploads\/2023\/07\/Dodajte-naslov-650x650.png 650w, https:\/\/ilic-design.hr\/wp-content\/uploads\/2023\/07\/Dodajte-naslov-600x600.png 600w, https:\/\/ilic-design.hr\/wp-content\/uploads\/2023\/07\/Dodajte-naslov-100x100.png 100w\" sizes=\"(max-width: 1300px) 100vw, 1300px\" \/>\t\t<\/a>\n\t\t\t<\/div>\n<\/div>\n\t\t<div class=\"qodef-e-content\">\n\t\t\t\t\t\t\t<div class=\"qodef-e-info qodef-info--top\">\n\t\t\t\t\t<div itemprop=\"dateCreated\" class=\"qodef-e-info-item qodef-e-info-date entry-date \">\n\t<a itemprop=\"url\" href=\"https:\/\/ilic-design.hr\/en\/2023\/07\/\">\n\t\t\t\tJuly 24, 2023\t<\/a>\n<\/div>\n<div class=\"qodef-e-info-item qodef-e-info-category\">\n\t\t<a href=\"https:\/\/ilic-design.hr\/en\/category\/kids-en\/\" rel=\"category tag\">Kids<\/a><\/div>\n\t\t\t\t<\/div>\n\t\t\t\t\t\t<div class=\"qodef-e-text\">\n\t\t\t\t<h5 itemprop=\"name\" class=\"qodef-e-title entry-title\">\n\t<a itemprop=\"url\" class=\"qodef-e-title-link\" href=\"https:\/\/ilic-design.hr\/en\/what-inspires-us\/\">\n\t\tWhat inspires us\t<\/a>\n<\/h5>\n\t\t\t<\/div>\n\t\t\t\t\t<\/div>\n\t<\/div>\n<\/article>\n<article class=\"qodef-e qodef-blog-item qodef-grid-item qodef-item--full post-8855 post type-post status-publish format-standard has-post-thumbnail hentry category-kids-en tag-crafts-en tag-learning-en tag-toys-en\">\n\t<div class=\"qodef-e-inner\">\n\t\t<div class=\"qodef-e-media\">\n\t\t<div class=\"qodef-e-media-image\">\n\t\t<a itemprop=\"url\" href=\"https:\/\/ilic-design.hr\/en\/price-changes\/\">\n\t\t\t<img loading=\"lazy\" decoding=\"async\" width=\"1300\" height=\"1300\" src=\"https:\/\/ilic-design.hr\/wp-content\/uploads\/2020\/11\/Dizajn-bez-naslova-82.png\" class=\"attachment-full size-full\" alt=\"\" srcset=\"https:\/\/ilic-design.hr\/wp-content\/uploads\/2020\/11\/Dizajn-bez-naslova-82.png 1300w, https:\/\/ilic-design.hr\/wp-content\/uploads\/2020\/11\/Dizajn-bez-naslova-82-300x300.png 300w, https:\/\/ilic-design.hr\/wp-content\/uploads\/2020\/11\/Dizajn-bez-naslova-82-1024x1024.png 1024w, https:\/\/ilic-design.hr\/wp-content\/uploads\/2020\/11\/Dizajn-bez-naslova-82-150x150.png 150w, https:\/\/ilic-design.hr\/wp-content\/uploads\/2020\/11\/Dizajn-bez-naslova-82-768x768.png 768w, https:\/\/ilic-design.hr\/wp-content\/uploads\/2020\/11\/Dizajn-bez-naslova-82-650x650.png 650w, https:\/\/ilic-design.hr\/wp-content\/uploads\/2020\/11\/Dizajn-bez-naslova-82-600x600.png 600w, https:\/\/ilic-design.hr\/wp-content\/uploads\/2020\/11\/Dizajn-bez-naslova-82-100x100.png 100w\" sizes=\"(max-width: 1300px) 100vw, 1300px\" \/>\t\t<\/a>\n\t\t\t<\/div>\n<\/div>\n\t\t<div class=\"qodef-e-content\">\n\t\t\t\t\t\t\t<div class=\"qodef-e-info qodef-info--top\">\n\t\t\t\t\t<div itemprop=\"dateCreated\" class=\"qodef-e-info-item qodef-e-info-date entry-date \">\n\t<a itemprop=\"url\" href=\"https:\/\/ilic-design.hr\/en\/2022\/12\/\">\n\t\t\t\tDecember 27, 2022\t<\/a>\n<\/div>\n<div class=\"qodef-e-info-item qodef-e-info-category\">\n\t\t<a href=\"https:\/\/ilic-design.hr\/en\/category\/kids-en\/\" rel=\"category tag\">Kids<\/a><\/div>\n\t\t\t\t<\/div>\n\t\t\t\t\t\t<div class=\"qodef-e-text\">\n\t\t\t\t<h5 itemprop=\"name\" class=\"qodef-e-title entry-title\">\n\t<a itemprop=\"url\" class=\"qodef-e-title-link\" href=\"https:\/\/ilic-design.hr\/en\/price-changes\/\">\n\t\tPrice changes\t<\/a>\n<\/h5>\n\t\t\t<\/div>\n\t\t\t\t\t<\/div>\n\t<\/div>\n<\/article>\n<article class=\"qodef-e qodef-blog-item qodef-grid-item qodef-item--full post-8857 post type-post status-publish format-standard has-post-thumbnail hentry category-kids-en tag-crafts-en tag-learning-en tag-toys-en\">\n\t<div class=\"qodef-e-inner\">\n\t\t<div class=\"qodef-e-media\">\n\t\t<div class=\"qodef-e-media-image\">\n\t\t<a itemprop=\"url\" href=\"https:\/\/ilic-design.hr\/en\/interview-with-slobodna-dalmacija-section-gust\/\">\n\t\t\t<img loading=\"lazy\" decoding=\"async\" width=\"1300\" height=\"1300\" src=\"https:\/\/ilic-design.hr\/wp-content\/uploads\/2020\/11\/Dizajn-bez-naslova-1.png\" class=\"attachment-full size-full\" alt=\"\" srcset=\"https:\/\/ilic-design.hr\/wp-content\/uploads\/2020\/11\/Dizajn-bez-naslova-1.png 1300w, https:\/\/ilic-design.hr\/wp-content\/uploads\/2020\/11\/Dizajn-bez-naslova-1-300x300.png 300w, https:\/\/ilic-design.hr\/wp-content\/uploads\/2020\/11\/Dizajn-bez-naslova-1-1024x1024.png 1024w, https:\/\/ilic-design.hr\/wp-content\/uploads\/2020\/11\/Dizajn-bez-naslova-1-150x150.png 150w, https:\/\/ilic-design.hr\/wp-content\/uploads\/2020\/11\/Dizajn-bez-naslova-1-768x768.png 768w, https:\/\/ilic-design.hr\/wp-content\/uploads\/2020\/11\/Dizajn-bez-naslova-1-650x650.png 650w, https:\/\/ilic-design.hr\/wp-content\/uploads\/2020\/11\/Dizajn-bez-naslova-1-600x600.png 600w, https:\/\/ilic-design.hr\/wp-content\/uploads\/2020\/11\/Dizajn-bez-naslova-1-100x100.png 100w\" sizes=\"(max-width: 1300px) 100vw, 1300px\" \/>\t\t<\/a>\n\t\t\t<\/div>\n<\/div>\n\t\t<div class=\"qodef-e-content\">\n\t\t\t\t\t\t\t<div class=\"qodef-e-info qodef-info--top\">\n\t\t\t\t\t<div itemprop=\"dateCreated\" class=\"qodef-e-info-item qodef-e-info-date entry-date \">\n\t<a itemprop=\"url\" href=\"https:\/\/ilic-design.hr\/en\/2022\/02\/\">\n\t\t\t\tFebruary 20, 2022\t<\/a>\n<\/div>\n<div class=\"qodef-e-info-item qodef-e-info-category\">\n\t\t<a href=\"https:\/\/ilic-design.hr\/en\/category\/kids-en\/\" rel=\"category tag\">Kids<\/a><\/div>\n\t\t\t\t<\/div>\n\t\t\t\t\t\t<div class=\"qodef-e-text\">\n\t\t\t\t<h5 itemprop=\"name\" class=\"qodef-e-title entry-title\">\n\t<a itemprop=\"url\" class=\"qodef-e-title-link\" href=\"https:\/\/ilic-design.hr\/en\/interview-with-slobodna-dalmacija-section-gust\/\">\n\t\tInterview with Slobodna Dalmacija, section Gu\u0161t\t<\/a>\n<\/h5>\n\t\t\t<\/div>\n\t\t\t\t\t<\/div>\n\t<\/div>\n<\/article>\n\t<\/div>\n\t<\/div>\n\t\t\t\t<\/div>\n\t\t\t\t<\/div>\n\t\t\t\t\t<\/div>\n\t\t<\/div>\n\t\t\t\t\t<\/div>\n\t\t<\/section>\n\t\t\t\t<\/div>\n\t\t","protected":false},"excerpt":{"rendered":"<p>31 sije\u010dnja, 2024 Kids Prirodni Tonovi: Estetika i Prakti\u010dnost u Ure\u0111enju Prostora 2 sije\u010dnja, 2024 Kids TORanj ZA U\u010cENJE: kako se koristi i koje su prednosti 14 kolovoza, 2023 Kids REKLAMACIJE U SLU\u010cAJU \u0160TETE NASTALE U DOSTAVI 25 srpnja, 2023 Kids materijali koje koristimo, \u0161perplo\u010da breze 24 srpnja, 2023 Kids \u0161to nas inspirira 27 prosinca, [&hellip;]<\/p>\n","protected":false},"author":1,"featured_media":0,"parent":0,"menu_order":0,"comment_status":"closed","ping_status":"closed","template":"qi-full-width.php","meta":{"footnotes":""},"class_list":["post-8820","page","type-page","status-publish","hentry"],"_links":{"self":[{"href":"https:\/\/ilic-design.hr\/en\/wp-json\/wp\/v2\/pages\/8820","targetHints":{"allow":["GET"]}}],"collection":[{"href":"https:\/\/ilic-design.hr\/en\/wp-json\/wp\/v2\/pages"}],"about":[{"href":"https:\/\/ilic-design.hr\/en\/wp-json\/wp\/v2\/types\/page"}],"author":[{"embeddable":true,"href":"https:\/\/ilic-design.hr\/en\/wp-json\/wp\/v2\/users\/1"}],"replies":[{"embeddable":true,"href":"https:\/\/ilic-design.hr\/en\/wp-json\/wp\/v2\/comments?post=8820"}],"version-history":[{"count":2,"href":"https:\/\/ilic-design.hr\/en\/wp-json\/wp\/v2\/pages\/8820\/revisions"}],"predecessor-version":[{"id":8822,"href":"https:\/\/ilic-design.hr\/en\/wp-json\/wp\/v2\/pages\/8820\/revisions\/8822"}],"wp:attachment":[{"href":"https:\/\/ilic-design.hr\/en\/wp-json\/wp\/v2\/media?parent=8820"}],"curies":[{"name":"wp","href":"https:\/\/api.w.org\/{rel}","templated":true}]}}